{"id":10046,"date":"2020-12-15T19:01:54","date_gmt":"2020-12-15T21:01:54","guid":{"rendered":"http:\/\/treetech.com.br\/contacto\/soporte-tecnico\/"},"modified":"2026-03-23T11:36:54","modified_gmt":"2026-03-23T14:36:54","slug":"soporte-tecnico","status":"publish","type":"page","link":"https:\/\/treetech.com.br\/es\/contacto\/soporte-tecnico\/","title":{"rendered":"Soporte T\u00e9cnico"},"content":{"rendered":"<div class=\"wpb-content-wrapper\">[vc_row full_width=\u00bbstretch_row_content\u00bb][vc_column][vc_gmaps link=\u00bb#E-8_JTNDaWZyYW1lJTIwc3JjJTNEJTIyaHR0cHMlM0ElMkYlMkZ3d3cuZ29vZ2xlLmNvbSUyRm1hcHMlMkZlbWJlZCUzRnBiJTNEJTIxMW0xOCUyMTFtMTIlMjExbTMlMjExZDM2NjkuNDUyMjc4NTYwODM4MyUyMTJkLTQ2LjU1Njg1MTI4NDk1MzQ0NiUyMTNkLTIzLjExNzEzNzk1MTIyMjYyJTIxMm0zJTIxMWYwJTIxMmYwJTIxM2YwJTIxM20yJTIxMWkxMDI0JTIxMmk3NjglMjE0ZjEzLjElMjEzbTMlMjExbTIlMjExczB4OTRjZWMxMjczOGQxMGEwMyUyNTNBMHg4ZGMwNDBkZDlkMzliYThlJTIxMnNUcmVldGVjaCUyNTIwVGVjbm9sb2dpYSUyMTVlMCUyMTNtMiUyMTFzcHQtQlIlMjEyc2JyJTIxNHYxNjQ1ODAzMDY3MTE4JTIxNW0yJTIxMXNwdC1CUiUyMTJzYnIlMjIlMjB3aWR0aCUzRCUyMjYwMCUyMiUyMGhlaWdodCUzRCUyMjQ1MCUyMiUyMHN0eWxlJTNEJTIyYm9yZGVyJTNBMCUzQiUyMiUyMGFsbG93ZnVsbHNjcmVlbiUzRCUyMiUyMiUyMGxvYWRpbmclM0QlMjJsYXp5JTIyJTNFJTNDJTJGaWZyYW1lJTNF\u00bb size=\u00bb450px\u00bb css=\u00bb\u00bb][\/vc_column][\/vc_row][vc_row full_width=\u00bbstretch_row\u00bb content_placement=\u00bbmiddle\u00bb equal_height=\u00bbyes\u00bb css=\u00bb.vc_custom_1768404637165{padding-bottom: 15px !important;}\u00bb wpex_bg_color=\u00bbpalette-12771&#8243; min_height=\u00bb80px\u00bb][vc_column]<style>.vcex-heading.vcex_69da0bb4eabd5{color:var(--wpex-palette-12775-color);font-weight:300;}<\/style><div class=\"vcex-heading vcex-heading-plain vcex-module wpex-text-balance wpex-heading wpex-text-2xl vc_custom_1768404596415 vcex_69da0bb4eabd5\"><span class=\"vcex-heading-inner wpex-inline-block\">Si necesita soporte t\u00e9cnico para cualquier producto Treetech, cont\u00e1ctenos:<\/span><\/div>[\/vc_column][\/vc_row][vc_row equal_height=\u00bbyes\u00bb css=\u00bb.vc_custom_1768431032276{padding-bottom: 66px !important;}\u00bb][vc_column width=\u00bb1\/3&#8243;][vc_column_text css=\u00bb\u00bb]\n<h2><strong><span style=\"font-size: 18px; color: #008242;\">SAC<\/span><\/strong><\/h2>\n<hr>\n<h2><span style=\"font-size: 18px; color: #008242;\">Portal de Servicio<\/span><\/h2>\n<p>\u00bfNecesita ayuda con la instalaci\u00f3n, configuraci\u00f3n o cualquier otra cosa relacionada con su equipo? Hable directamente con nuestros t\u00e9cnicos y expertos a trav\u00e9s del portal: <a title=\"SAC Treetech\" href=\"http:\/\/sac.treetech.com.br\" target=\"_blank\" rel=\"noopener\"><strong>sac.treetech.com.br<\/strong><\/a>[\/vc_column_text][\/vc_column][vc_column width=\u00bb1\/3&#8243;][vc_column_text css=\u00bb\u00bb]\n<h1><strong><span style=\"font-size: 18px; color: #008242;\">Wiki SOS<\/span><\/strong><\/h1>\n<hr>\n<h2><span style=\"font-size: 18px; color: #008242;\">La Base de Conocimientos de Treetech<\/span><\/h2>\n<p>Descubra nuestra soluci\u00f3n, reciba soporte y aclare todas sus dudas de forma f\u00e1cil, r\u00e1pida y eficaz, a trav\u00e9s del portal: <a href=\"https:\/\/sac.treetech.com.br\/\" target=\"_blank\" rel=\"noopener\"><strong>sac.treetech.com.br<\/strong><\/a>[\/vc_column_text][\/vc_column][vc_column width=\u00bb1\/3&#8243; offset=\u00bbvc_col-xs-12&#8243;][vc_column_text css=\u00bb\u00bb]\n<h1 style=\"text-align: left;\"><strong><span style=\"font-size: 18px;\"><span style=\"color: #008242;\">Direcci\u00f3n<\/span><\/span><\/strong><\/h1>\n<hr>\n<h2 style=\"text-align: left;\"><span style=\"font-size: 18px;\"><span style=\"color: #008242;\">Soporte T\u00e9cnico<\/span><\/span><\/h2>\n<p style=\"text-align: left;\">Avenida S\u00e3o Jo\u00e3o, 1765<br \/>\nBairro da Ponte \u2013 Atibaia\/SP<br \/>\nCEP 12944-376<\/p>\n<p style=\"text-align: left;\">Tel: +55 (11) 2410 -1190 x201<br \/>\nE-mail: <strong> <a href=\"mailto:assistencia.tecnica@treetech.com.br\">assistencia.tecnica@treetech.com.br<\/a> <\/strong> <\/p>\n[\/vc_column_text][\/vc_column][\/vc_row]\n<\/div>","protected":false},"excerpt":{"rendered":"<p>[vc_row full_width=\u00bbstretch_row_content\u00bb][vc_column][vc_gmaps link=\u00bb#E-8_JTNDaWZyYW1lJTIwc3JjJTNEJTIyaHR0cHMlM0ElMkYlMkZ3d3cuZ29vZ2xlLmNvbSUyRm1hcHMlMkZlbWJlZCUzRnBiJTNEJTIxMW0xOCUyMTFtMTIlMjExbTMlMjExZDM2NjkuNDUyMjc4NTYwODM4MyUyMTJkLTQ2LjU1Njg1MTI4NDk1MzQ0NiUyMTNkLTIzLjExNzEzNzk1MTIyMjYyJTIxMm0zJTIxMWYwJTIxMmYwJTIxM2YwJTIxM20yJTIxMWkxMDI0JTIxMmk3NjglMjE0ZjEzLjElMjEzbTMlMjExbTIlMjExczB4OTRjZWMxMjczOGQxMGEwMyUyNTNBMHg4ZGMwNDBkZDlkMzliYThlJTIxMnNUcmVldGVjaCUyNTIwVGVjbm9sb2dpYSUyMTVlMCUyMTNtMiUyMTFzcHQtQlIlMjEyc2JyJTIxNHYxNjQ1ODAzMDY3MTE4JTIxNW0yJTIxMXNwdC1CUiUyMTJzYnIlMjIlMjB3aWR0aCUzRCUyMjYwMCUyMiUyMGhlaWdodCUzRCUyMjQ1MCUyMiUyMHN0eWxlJTNEJTIyYm9yZGVyJTNBMCUzQiUyMiUyMGFsbG93ZnVsbHNjcmVlbiUzRCUyMiUyMiUyMGxvYWRpbmclM0QlMjJsYXp5JTIyJTNFJTNDJTJGaWZyYW1lJTNF\u00bb size=\u00bb450px\u00bb css=\u00bb\u00bb][\/vc_column][\/vc_row][vc_row full_width=\u00bbstretch_row\u00bb content_placement=\u00bbmiddle\u00bb equal_height=\u00bbyes\u00bb css=\u00bb.vc_custom_1768404637165{padding-bottom: 15px !important;}\u00bb wpex_bg_color=\u00bbpalette-12771&#8243; min_height=\u00bb80px\u00bb][vc_column][\/vc_column][\/vc_row][vc_row equal_height=\u00bbyes\u00bb css=\u00bb.vc_custom_1768431032276{padding-bottom: 66px !important;}\u00bb][vc_column width=\u00bb1\/3&#8243;][vc_column_text css=\u00bb\u00bb] SAC Portal de Servicio \u00bfNecesita ayuda con la instalaci\u00f3n, configuraci\u00f3n o cualquier otra cosa relacionada con su equipo? Hable directamente con nuestros t\u00e9cnicos y expertos a trav\u00e9s del portal: sac.treetech.com.br[\/vc_column_text][\/vc_column][vc_column width=\u00bb1\/3&#8243;][vc_column_text css=\u00bb\u00bb] Wiki SOS La Base&hellip;<\/p>\n","protected":false},"author":1,"featured_media":0,"parent":5391,"menu_order":0,"comment_status":"closed","ping_status":"closed","template":"","meta":{"_acf_changed":false,"footnotes":""},"class_list":["post-10046","page","type-page","status-publish","hentry","entry","no-media"],"acf":[],"aioseo_notices":[],"_links":{"self":[{"href":"https:\/\/treetech.com.br\/es\/wp-json\/wp\/v2\/pages\/10046","targetHints":{"allow":["GET"]}}],"collection":[{"href":"https:\/\/treetech.com.br\/es\/wp-json\/wp\/v2\/pages"}],"about":[{"href":"https:\/\/treetech.com.br\/es\/wp-json\/wp\/v2\/types\/page"}],"author":[{"embeddable":true,"href":"https:\/\/treetech.com.br\/es\/wp-json\/wp\/v2\/users\/1"}],"replies":[{"embeddable":true,"href":"https:\/\/treetech.com.br\/es\/wp-json\/wp\/v2\/comments?post=10046"}],"version-history":[{"count":5,"href":"https:\/\/treetech.com.br\/es\/wp-json\/wp\/v2\/pages\/10046\/revisions"}],"predecessor-version":[{"id":15946,"href":"https:\/\/treetech.com.br\/es\/wp-json\/wp\/v2\/pages\/10046\/revisions\/15946"}],"up":[{"embeddable":true,"href":"https:\/\/treetech.com.br\/es\/wp-json\/wp\/v2\/pages\/5391"}],"wp:attachment":[{"href":"https:\/\/treetech.com.br\/es\/wp-json\/wp\/v2\/media?parent=10046"}],"curies":[{"name":"wp","href":"https:\/\/api.w.org\/{rel}","templated":true}]}}