{"id":12365,"date":"2023-05-05T09:19:13","date_gmt":"2023-05-05T12:19:13","guid":{"rendered":"https:\/\/treetech.com.br\/treetech-service\/"},"modified":"2023-06-06T18:13:07","modified_gmt":"2023-06-06T21:13:07","slug":"service","status":"publish","type":"page","link":"https:\/\/treetech.com.br\/es\/service\/","title":{"rendered":"Treetech Service"},"content":{"rendered":"<div class=\"wpb-content-wrapper\">[vc_row full_width=\u00bbstretch_row\u00bb css=\u00bb.vc_custom_1682710153273{background-color: #eaeaea !important;}\u00bb][vc_column][vc_single_image image=\u00bb12383&#8243; alignment=\u00bbcenter\u00bb][\/vc_column][\/vc_row][vc_row][vc_column][vc_column_text css=\u00bb.vc_custom_1682710404691{margin-top: 66px !important;margin-bottom: 44px !important;}\u00bb]\n<h1>Soluciones multidisciplinares que contribuyen al \u00e9xito de nuestros clientes.<\/h1>\n<h2><span style=\"color: #333333;\">Treetech Service act\u00faa en el dise\u00f1o, construcci\u00f3n, mantenimiento y monitoreo de Subestaciones y Redes El\u00e9ctricas en todo el sistema de Generaci\u00f3n, Transmisi\u00f3n y Distribuci\u00f3n en las industrias.<\/span><\/h2>\n<h2><span style=\"color: #333333;\">30 a\u00f1os de experiencia como Service oficial de Treetech Tecnolog\u00eda.<\/span><\/h2>\n[\/vc_column_text][\/vc_column][\/vc_row][vc_row css=\u00bb.vc_custom_1682710378280{margin-top: 44px !important;}\u00bb][vc_column width=\u00bb1\/4&#8243;][\/vc_column][vc_column width=\u00bb1\/2&#8243;][vc_icon icon_fontawesome=\u00bbfas fa-tv\u00bb color=\u00bbwhite\u00bb background_style=\u00bbrounded\u00bb background_color=\u00bbcustom\u00bb size=\u00bblg\u00bb align=\u00bbcenter\u00bb custom_background_color=\u00bb#008242&#8243;][vc_column_text css=\u00bb.vc_custom_1682708169135{margin-top: 22px !important;margin-bottom: 44px !important;}\u00bb]\n<p style=\"text-align: center;\"><span style=\"font-size: 18px;\"><strong>DIGITALIZACI\u00d3N Y MONITOREO<\/strong><\/span><br \/>\n<strong>Instrumentaci\u00f3n inteligente para subestaciones<\/strong><\/p>\n<ul>\n<li>Monitoreo Online<\/li>\n<li>Protecci\u00f3n<\/li>\n<li>Automatizaci\u00f3n<\/li>\n<li>Telecom<\/li>\n<\/ul>\n[\/vc_column_text][\/vc_column][vc_column width=\u00bb1\/4&#8243;][\/vc_column][\/vc_row][vc_row][vc_column width=\u00bb1\/2&#8243;]<div class=\"vcex-module vcex-divider vcex-divider-solid wpex-my-50 vcex-divider-center wpex-mx-auto wpex-block wpex-h-0 wpex-border-b wpex-border-solid wpex-border-main\"><\/div>[vc_icon icon_fontawesome=\u00bbfas fa-shield-alt\u00bb color=\u00bbwhite\u00bb background_style=\u00bbrounded\u00bb background_color=\u00bbcustom\u00bb size=\u00bblg\u00bb align=\u00bbcenter\u00bb custom_background_color=\u00bb#008242&#8243;][vc_column_text css=\u00bb.vc_custom_1682708920263{margin-top: 22px !important;margin-bottom: 44px !important;}\u00bb]\n<p style=\"text-align: center;\"><span style=\"font-size: 18px;\"><strong>PROYECTOS B\u00c1SICOS Y EJECUTIVOS | ESTUDIOS EL\u00c9CTRICOS<\/strong><\/span><br \/>\n<strong>Garant\u00eda de Seguridad y Eficiencia<\/strong><\/p>\n<ul>\n<li>Especificaci\u00f3n t\u00e9cnica SPCS (Sistema de Protecci\u00f3n, Control y Supervisi\u00f3n)<\/li>\n<li>Diagramas unifilares, trifilares, funcionales y constructivos<\/li>\n<li>Diagramas de interconexi\u00f3n<\/li>\n<li>Diagramas l\u00f3gicos<\/li>\n<li>Memorias descriptivas y de c\u00e1lculo<\/li>\n<li>Arquitectura de red de automatizaci\u00f3n<\/li>\n<li>Coordinaci\u00f3n, Selectividad y Cortocircuito<\/li>\n<li>Flujo de Potencia<\/li>\n<li>Correcci\u00f3n de Arm\u00f3nicos y Factor de Potencia<\/li>\n<li>Energ\u00eda Incidente<\/li>\n<li>Saturaci\u00f3n de Transformadores de Corriente<\/li>\n<li>Malla de Puesta a Tierra<\/li>\n<li>Dimensionamiento del Equipo<\/li>\n<li>Arranque del Motor<\/li>\n<\/ul>\n[\/vc_column_text][\/vc_column][vc_column width=\u00bb1\/2&#8243;]<div class=\"vcex-module vcex-divider vcex-divider-solid wpex-my-50 vcex-divider-center wpex-mx-auto wpex-block wpex-h-0 wpex-border-b wpex-border-solid wpex-border-main\"><\/div>[vc_icon icon_fontawesome=\u00bbfas fa-city\u00bb color=\u00bbwhite\u00bb background_style=\u00bbrounded\u00bb background_color=\u00bbcustom\u00bb size=\u00bblg\u00bb align=\u00bbcenter\u00bb custom_background_color=\u00bb#008242&#8243;][vc_column_text css=\u00bb.vc_custom_1682709101832{margin-top: 22px !important;margin-bottom: 44px !important;}\u00bb]\n<p style=\"text-align: center;\"><span style=\"font-size: 18px;\"><strong>OBRAS CIVILES<\/strong><\/span><br \/>\n<strong>Ejecuci\u00f3n \u00e1gil y responsable<\/strong><\/p>\n<ul>\n<li>Movimiento de tierras<\/li>\n<li>Drenaje<\/li>\n<li>Fundaciones<\/li>\n<li>Canalones<\/li>\n<li>Edificios<\/li>\n<li>Urbanizaci\u00f3n<\/li>\n<\/ul>\n[\/vc_column_text][\/vc_column][\/vc_row][vc_row][vc_column width=\u00bb1\/2&#8243;]<div class=\"vcex-module vcex-divider vcex-divider-solid wpex-my-50 vcex-divider-center wpex-mx-auto wpex-block wpex-h-0 wpex-border-b wpex-border-solid wpex-border-main\"><\/div>[vc_icon icon_fontawesome=\u00bbfas fa-plug\u00bb color=\u00bbwhite\u00bb background_style=\u00bbrounded\u00bb background_color=\u00bbcustom\u00bb size=\u00bblg\u00bb align=\u00bbcenter\u00bb custom_background_color=\u00bb#008242&#8243;][vc_column_text css=\u00bb.vc_custom_1682709300090{margin-top: 22px !important;margin-bottom: 44px !important;}\u00bb]\n<p style=\"text-align: center;\"><span style=\"font-size: 18px;\"><strong>MONTAJES ELECTROMEC\u00c1NICOS Y CUADROS EL\u00c9CTRICOS<\/strong><\/span><br \/>\n<strong>Conceptos pensados \u200b\u200ben econom\u00eda y confiabilidad<\/strong><\/p>\n<ul>\n<li>Montajes e instalaciones en general<\/li>\n<li>Tendido de cables de fuerza, comando y fibra \u00f3ptica<\/li>\n<li>Cuadros de protecci\u00f3n, control, medida y automatizaci\u00f3n<\/li>\n<li>Celdas de media tensi\u00f3n, alimentadores y servicios auxiliares<\/li>\n<li>Configuraci\u00f3n de sistemas de telemetr\u00eda<\/li>\n<\/ul>\n[\/vc_column_text]<div class=\"vcex-module vcex-divider vcex-divider-solid wpex-my-50 vcex-divider-center wpex-mx-auto wpex-block wpex-h-0 wpex-border-b wpex-border-solid wpex-border-main\"><\/div>[\/vc_column][vc_column width=\u00bb1\/2&#8243;]<div class=\"vcex-module vcex-divider vcex-divider-solid wpex-my-50 vcex-divider-center wpex-mx-auto wpex-block wpex-h-0 wpex-border-b wpex-border-solid wpex-border-main\"><\/div>[vc_icon icon_fontawesome=\u00bbfas fa-leaf\u00bb color=\u00bbwhite\u00bb background_style=\u00bbrounded\u00bb background_color=\u00bbcustom\u00bb size=\u00bblg\u00bb align=\u00bbcenter\u00bb custom_background_color=\u00bb#008242&#8243;][vc_column_text css=\u00bb.vc_custom_1682709389667{margin-top: 22px !important;margin-bottom: 44px !important;}\u00bb]\n<p style=\"text-align: center;\"><span style=\"font-size: 18px;\"><strong>PUESTA EN MARCHA<\/strong><\/span><br \/>\n<strong>Preocupaci\u00f3n por el medio ambiente utilizando tecnolog\u00eda verde<\/strong><\/p>\n<ul>\n<li>Parametrizaci\u00f3n y prueba de IED<\/li>\n<li>Sistema de Supervisi\u00f3n (SCADA)<\/li>\n<li>Configuraci\u00f3n y certificaci\u00f3n de redes<\/li>\n<li>Pruebas en cuadros el\u00e9ctricos y equipos de patio.<\/li>\n<li>Pruebas de aceptaci\u00f3n en f\u00e1brica<\/li>\n<li>Puesta en marcha, operaci\u00f3n asistida<\/li>\n<li>Entrenamiento<\/li>\n<\/ul>\n[\/vc_column_text]<div class=\"vcex-module vcex-divider vcex-divider-solid wpex-my-50 vcex-divider-center wpex-mx-auto wpex-block wpex-h-0 wpex-border-b wpex-border-solid wpex-border-main\"><\/div>[\/vc_column][\/vc_row]\n<\/div>","protected":false},"excerpt":{"rendered":"<p>[vc_row full_width=\u00bbstretch_row\u00bb css=\u00bb.vc_custom_1682710153273{background-color: #eaeaea !important;}\u00bb][vc_column][vc_single_image image=\u00bb12383&#8243; alignment=\u00bbcenter\u00bb][\/vc_column][\/vc_row][vc_row][vc_column][vc_column_text css=\u00bb.vc_custom_1682710404691{margin-top: 66px !important;margin-bottom: 44px !important;}\u00bb] Soluciones multidisciplinares que contribuyen al \u00e9xito de nuestros clientes. Treetech Service act\u00faa en el dise\u00f1o, construcci\u00f3n, mantenimiento y monitoreo de Subestaciones y Redes El\u00e9ctricas en todo el sistema de Generaci\u00f3n, Transmisi\u00f3n y Distribuci\u00f3n en las industrias. 30 a\u00f1os de experiencia como Service oficial&hellip;<\/p>\n","protected":false},"author":1,"featured_media":12357,"parent":0,"menu_order":0,"comment_status":"closed","ping_status":"closed","template":"","meta":{"_acf_changed":false,"footnotes":""},"class_list":["post-12365","page","type-page","status-publish","has-post-thumbnail","hentry","entry","has-media"],"acf":[],"aioseo_notices":[],"_links":{"self":[{"href":"https:\/\/treetech.com.br\/es\/wp-json\/wp\/v2\/pages\/12365","targetHints":{"allow":["GET"]}}],"collection":[{"href":"https:\/\/treetech.com.br\/es\/wp-json\/wp\/v2\/pages"}],"about":[{"href":"https:\/\/treetech.com.br\/es\/wp-json\/wp\/v2\/types\/page"}],"author":[{"embeddable":true,"href":"https:\/\/treetech.com.br\/es\/wp-json\/wp\/v2\/users\/1"}],"replies":[{"embeddable":true,"href":"https:\/\/treetech.com.br\/es\/wp-json\/wp\/v2\/comments?post=12365"}],"version-history":[{"count":0,"href":"https:\/\/treetech.com.br\/es\/wp-json\/wp\/v2\/pages\/12365\/revisions"}],"wp:featuredmedia":[{"embeddable":true,"href":"https:\/\/treetech.com.br\/es\/wp-json\/wp\/v2\/media\/12357"}],"wp:attachment":[{"href":"https:\/\/treetech.com.br\/es\/wp-json\/wp\/v2\/media?parent=12365"}],"curies":[{"name":"wp","href":"https:\/\/api.w.org\/{rel}","templated":true}]}}