{"id":5412,"date":"2014-03-01T02:07:16","date_gmt":"2014-03-01T05:07:16","guid":{"rendered":"http:\/\/treetech.com.br\/sam-2"},"modified":"2021-12-10T16:07:54","modified_gmt":"2021-12-10T19:07:54","slug":"consultoria-sam","status":"publish","type":"page","link":"https:\/\/treetech.com.br\/es\/consultoria-sam\/","title":{"rendered":"SAM"},"content":{"rendered":"<div class=\"wpb-content-wrapper\">[vc_row bg_style=\u00bbstretch\u00bb border_style=\u00bbsolid\u00bb min_height=\u00bb300px\u00bb bg_image=\u00bb4983&#8243;][vc_column][vc_column_text][\/vc_column_text][\/vc_column][\/vc_row][vc_row equal_height=\u00bbyes\u00bb center_row=\u00bbyes\u00bb bg_style=\u00bbstretch\u00bb][vc_column width=\u00bb1\/3&#8243;][vc_single_image image=\u00bb4974&#8243; alignment=\u00bbnone\u00bb][\/vc_column][vc_column width=\u00bb1\/3&#8243;][vc_single_image image=\u00bb5007&#8243; alignment=\u00bbnone\u00bb][\/vc_column][vc_column typography_style=\u00bblight\u00bb width=\u00bb1\/3&#8243; css=\u00bb.vc_custom_1623243983568{padding-top: 45px !important;padding-right: 35px !important;padding-bottom: 45px !important;padding-left: 30px !important;background-color: #a5a5a5 !important;}\u00bb][vc_column_text]<span style=\"font-size: 18px; line-height: 20px;\">Con ingenieros responsables y\u00a0<strong>certificaci\u00f3n ISO<\/strong>, la consultor\u00eda\u00a0<strong>SAM<\/strong>&#x2122; es independiente de fabricantes de activos y cuenta con m\u00e1s de <strong>40<\/strong> <strong>a\u00f1os<\/strong>\u00a0de experiencia en el sector el\u00e9ctrico.<\/span>[\/vc_column_text][\/vc_column][\/vc_row][vc_row center_row=\u00bbyes\u00bb][vc_column]<div class=\"vcex-spacing wpex-w-100 wpex-clear\"><\/div>[vc_column_text]<span style=\"font-family: Roboto; font-size: 24px; color: #999999;\">CONSULTOR\u00cdA COMPLETA PARA LA GESTI\u00d3N DE ACTIVOS DE SUBESTACIONES<\/span>[\/vc_column_text]<div class=\"vcex-spacing wpex-w-100 wpex-clear\"><\/div>[\/vc_column][\/vc_row][vc_row center_row=\u00bbyes\u00bb bg_style=\u00bbstretch\u00bb border_style=\u00bbsolid\u00bb padding_top=\u00bb50&#8243; padding_bottom=\u00bb50&#8243; padding_left=\u00bb50&#8243; padding_right=\u00bb50&#8243;][vc_column width=\u00bb1\/4&#8243;]<div class=\"vcex-module vcex-divider vcex-divider-solid vcex-divider-center wpex-mx-auto wpex-max-w-100 wpex-block wpex-h-0 wpex-border-b wpex-border-solid wpex-border-main\" style=\"width:100%;margin-block-end:20px;border-bottom-width:1px;border-color:#008242;\"><\/div>[\/vc_column][vc_column width=\u00bb3\/4&#8243;][vc_column_text]\n<p class=\"p1\"><span style=\"font-size: 18px;\"><span style=\"font-weight: 400;\">L<\/span><span style=\"font-weight: 400;\">a gesti\u00f3n eficiente de los equipos el\u00e9ctricos exige herramientas y conocimientos t\u00e9cnicos espec\u00edficos para correcta operaci\u00f3n y mantenimiento, garantizando 100% de <\/span><b>disponibilidad <\/b><span style=\"font-weight: 400;\">de manera <\/span><b>confiable<\/b>.<\/span><\/p>\n<p class=\"p1\"><span style=\"font-size: 18px;\"><span style=\"font-weight: 400;\">El equipo especializado SAM&#x2122; suministra servicios y consultor\u00edas en todos los <\/span><b>procesos, desde el concepto del activo hasta el final de la vida \u00fatil<\/b><span style=\"font-weight: 400;\">, con interfaces en las \u00e1reas de ingenier\u00eda de <\/span><b>mantenimiento<\/b><span style=\"font-weight: 400;\">, <\/span><b>operaci\u00f3n<\/b><span style=\"font-weight: 400;\">, <\/span><b>planificaci\u00f3n <\/b><span style=\"font-weight: 400;\">y <\/span><b>emprendimientos<\/b>.<\/span><\/p>\n[\/vc_column_text][\/vc_column][\/vc_row][vc_row center_row=\u00bbyes\u00bb bg_style=\u00bbstretch\u00bb border_style=\u00bbsolid\u00bb padding_top=\u00bb50&#8243; padding_bottom=\u00bb50&#8243; padding_left=\u00bb50&#8243; padding_right=\u00bb50&#8243;][vc_column width=\u00bb1\/2&#8243;][vc_icon icon_fontawesome=\u00bbfa fa-inbox\u00bb color=\u00bbwhite\u00bb background_style=\u00bbrounded\u00bb background_color=\u00bbcustom\u00bb size=\u00bbxl\u00bb align=\u00bbcenter\u00bb custom_background_color=\u00bb#008242&#8243;]<div class=\"vcex-spacing wpex-w-100 wpex-clear\" style=\"height:15px;\"><\/div>[vc_column_text]\n<h2 style=\"text-align: center;\">Concepci\u00f3n y Adquisici\u00f3n<\/h2>\n<ul>\n<li style=\"list-style-type: none;\">\n<ul>\n<li><span style=\"font-size: 14px;\">Proyecto y Especificaci\u00f3n T\u00e9cnica<\/span>\n<ul>\n<li><span style=\"font-size: 14px;\">Subestaciones<\/span><\/li>\n<li><span style=\"font-size: 14px;\">Activos el\u00e9ctricos<\/span><\/li>\n<\/ul>\n<\/li>\n<li><span style=\"font-size: 14px;\">Homologaci\u00f3n de proveedores<\/span><\/li>\n<\/ul>\n<\/li>\n<\/ul>\n[\/vc_column_text][\/vc_column][vc_column width=\u00bb1\/2&#8243;][vc_icon icon_fontawesome=\u00bbfa fa-codepen\u00bb color=\u00bbwhite\u00bb background_style=\u00bbrounded\u00bb background_color=\u00bbcustom\u00bb size=\u00bbxl\u00bb align=\u00bbcenter\u00bb custom_background_color=\u00bb#008242&#8243;]<div class=\"vcex-spacing wpex-w-100 wpex-clear\" style=\"height:15px;\"><\/div>[vc_column_text]\n<h2 style=\"text-align: center;\"><b>Preinstalaci\u00f3n<\/b><\/h2>\n<ul>\n<li><span style=\"font-size: 14px;\">Design review<\/span><\/li>\n<li><span style=\"font-size: 14px;\">Inspecciones en f\u00e1brica de activos<\/span><\/li>\n<li><span style=\"font-size: 14px;\">Comisionamiento en campo<\/span><\/li>\n<\/ul>\n[\/vc_column_text][\/vc_column][\/vc_row][vc_row center_row=\u00bbyes\u00bb][vc_column]<div class=\"vcex-module vcex-divider vcex-divider-solid vcex-divider-center wpex-mx-auto wpex-max-w-100 wpex-block wpex-h-0 wpex-border-b wpex-border-solid wpex-border-main\" style=\"width:100%;margin-block-start:20px;border-bottom-width:1px;border-color:#bababa;\"><\/div>[\/vc_column][\/vc_row][vc_row center_row=\u00bbyes\u00bb bg_style=\u00bbstretch\u00bb border_style=\u00bbsolid\u00bb padding_top=\u00bb50&#8243; padding_bottom=\u00bb50&#8243; padding_left=\u00bb50&#8243; padding_right=\u00bb50&#8243;][vc_column width=\u00bb1\/2&#8243;][vc_icon icon_fontawesome=\u00bbfa fa-check-circle-o\u00bb color=\u00bbwhite\u00bb background_style=\u00bbrounded\u00bb background_color=\u00bbcustom\u00bb size=\u00bbxl\u00bb align=\u00bbcenter\u00bb custom_background_color=\u00bb#008242&#8243;]<div class=\"vcex-spacing wpex-w-100 wpex-clear\" style=\"height:15px;\"><\/div>[vc_column_text]\n<h2 style=\"text-align: center;\"><b>An\u00e1lisis de criticidad en subestaciones<\/b><\/h2>\n<ul>\n<li style=\"list-style-type: none;\">\n<ul>\n<li style=\"list-style-type: none;\">\n<ul>\n<li><span style=\"font-size: 14px;\">Inspecciones y ensayos completos por equipo<\/span><\/li>\n<li><span style=\"font-size: 14px;\">Laudos e informes t\u00e9cnicos<\/span><\/li>\n<li><span style=\"font-size: 14px;\">Recomendaciones de medidas correctivas y preventivas<\/span><\/li>\n<\/ul>\n<\/li>\n<\/ul>\n<\/li>\n<\/ul>\n[\/vc_column_text][\/vc_column][vc_column width=\u00bb1\/2&#8243;][vc_icon icon_fontawesome=\u00bbfa fa-calendar\u00bb color=\u00bbwhite\u00bb background_style=\u00bbrounded\u00bb background_color=\u00bbcustom\u00bb size=\u00bbxl\u00bb align=\u00bbcenter\u00bb custom_background_color=\u00bb#008242&#8243;]<div class=\"vcex-spacing wpex-w-100 wpex-clear\" style=\"height:15px;\"><\/div>[vc_column_text]\n<h2 style=\"text-align: center;\"><b>Mantenimiento y operaci\u00f3n<\/b><\/h2>\n<ul>\n<li style=\"list-style-type: none;\">\n<ul>\n<li style=\"list-style-type: none;\">\n<ul>\n<li><span style=\"font-size: 14px;\">Monitoreo y seguimiento en l\u00ednea<\/span><\/li>\n<li><span style=\"font-size: 14px;\">Interpretaci\u00f3n de ensayos y evento<\/span><\/li>\n<li><span style=\"font-size: 14px;\">Emisi\u00f3n de informes gerenciales<\/span><\/li>\n<li><span style=\"font-size: 14px;\">Determinaci\u00f3n de planes de mantenimiento<\/span><\/li>\n<\/ul>\n<\/li>\n<\/ul>\n<\/li>\n<\/ul>\n[\/vc_column_text][\/vc_column][\/vc_row][vc_row center_row=\u00bbyes\u00bb][vc_column]<div class=\"vcex-module vcex-divider vcex-divider-solid vcex-divider-center wpex-mx-auto wpex-max-w-100 wpex-block wpex-h-0 wpex-border-b wpex-border-solid wpex-border-main\" style=\"width:100%;margin-block:20px;border-bottom-width:1px;border-color:#bababa;\"><\/div>[\/vc_column][\/vc_row][vc_row center_row=\u00bbyes\u00bb][vc_column width=\u00bb1\/4&#8243;][vc_column_text][\/vc_column_text][\/vc_column][vc_column width=\u00bb1\/2&#8243;][vc_icon icon_fontawesome=\u00bbfa fa-pencil-square-o\u00bb color=\u00bbwhite\u00bb background_style=\u00bbrounded\u00bb background_color=\u00bbcustom\u00bb size=\u00bbxl\u00bb align=\u00bbcenter\u00bb custom_background_color=\u00bb#008242&#8243;]<div class=\"vcex-spacing wpex-w-100 wpex-clear\" style=\"height:15px;\"><\/div>[vc_column_text]\n<h2 style=\"text-align: center;\"><b>Entrenamientos<\/b><\/h2>\n<ul>\n<li style=\"list-style-type: none;\">\n<ul>\n<li style=\"list-style-type: none;\">\n<ul>\n<li><span style=\"font-size: 14px;\">Gesti\u00f3n de activos<\/span><\/li>\n<li><span style=\"font-size: 14px;\">Monitoreo en l\u00ednea<\/span><\/li>\n<li><span style=\"font-size: 14px;\">Operaci\u00f3n y mantenimiento<\/span><\/li>\n<li><span style=\"font-size: 14px;\">Calidad<\/span><\/li>\n<\/ul>\n<\/li>\n<\/ul>\n<\/li>\n<\/ul>\n[\/vc_column_text]<div class=\"vcex-spacing wpex-w-100 wpex-clear\"><\/div>[\/vc_column][vc_column width=\u00bb1\/4&#8243;][vc_column_text][\/vc_column_text][\/vc_column][\/vc_row]\n<\/div>","protected":false},"excerpt":{"rendered":"<p>[vc_row bg_style=\u00bbstretch\u00bb border_style=\u00bbsolid\u00bb min_height=\u00bb300px\u00bb bg_image=\u00bb4983&#8243;][vc_column][vc_column_text][\/vc_column_text][\/vc_column][\/vc_row][vc_row equal_height=\u00bbyes\u00bb center_row=\u00bbyes\u00bb bg_style=\u00bbstretch\u00bb][vc_column width=\u00bb1\/3&#8243;][vc_single_image image=\u00bb4974&#8243; alignment=\u00bbnone\u00bb][\/vc_column][vc_column width=\u00bb1\/3&#8243;][vc_single_image image=\u00bb5007&#8243; alignment=\u00bbnone\u00bb][\/vc_column][vc_column typography_style=\u00bblight\u00bb width=\u00bb1\/3&#8243; css=\u00bb.vc_custom_1623243983568{padding-top: 45px !important;padding-right: 35px !important;padding-bottom: 45px !important;padding-left: 30px !important;background-color: #a5a5a5 !important;}\u00bb][vc_column_text]Con ingenieros responsables y\u00a0certificaci\u00f3n ISO, la consultor\u00eda\u00a0SAM&#x2122; es independiente de fabricantes de activos y cuenta con m\u00e1s de 40 a\u00f1os\u00a0de experiencia en el sector el\u00e9ctrico.[\/vc_column_text][\/vc_column][\/vc_row][vc_row center_row=\u00bbyes\u00bb][vc_column][vc_column_text]CONSULTOR\u00cdA COMPLETA PARA LA&hellip;<\/p>\n","protected":false},"author":1,"featured_media":0,"parent":0,"menu_order":5,"comment_status":"closed","ping_status":"closed","template":"","meta":{"_acf_changed":false,"footnotes":""},"class_list":["post-5412","page","type-page","status-publish","hentry","entry","no-media"],"acf":[],"aioseo_notices":[],"_links":{"self":[{"href":"https:\/\/treetech.com.br\/es\/wp-json\/wp\/v2\/pages\/5412","targetHints":{"allow":["GET"]}}],"collection":[{"href":"https:\/\/treetech.com.br\/es\/wp-json\/wp\/v2\/pages"}],"about":[{"href":"https:\/\/treetech.com.br\/es\/wp-json\/wp\/v2\/types\/page"}],"author":[{"embeddable":true,"href":"https:\/\/treetech.com.br\/es\/wp-json\/wp\/v2\/users\/1"}],"replies":[{"embeddable":true,"href":"https:\/\/treetech.com.br\/es\/wp-json\/wp\/v2\/comments?post=5412"}],"version-history":[{"count":0,"href":"https:\/\/treetech.com.br\/es\/wp-json\/wp\/v2\/pages\/5412\/revisions"}],"wp:attachment":[{"href":"https:\/\/treetech.com.br\/es\/wp-json\/wp\/v2\/media?parent=5412"}],"curies":[{"name":"wp","href":"https:\/\/api.w.org\/{rel}","templated":true}]}}