{"id":9906,"date":"2020-02-13T18:36:35","date_gmt":"2020-02-13T20:36:35","guid":{"rendered":"http:\/\/treetech.com.br\/contacto\/trabaje-con-nosotros\/"},"modified":"2026-01-14T20:40:37","modified_gmt":"2026-01-14T23:40:37","slug":"trabaje-con-nosotros","status":"publish","type":"page","link":"https:\/\/treetech.com.br\/es\/contacto\/trabaje-con-nosotros\/","title":{"rendered":"Trabaje con nosotros"},"content":{"rendered":"<div class=\"wpb-content-wrapper\">[vc_row css=\u00bb.vc_custom_1768432907414{padding-bottom: 44px !important;}\u00bb][vc_column][vc_column_text css=\u00bb\u00bb]\n<h1>Conocimiento e innovaci\u00f3n<\/h1>\n<p>Estas palabras definen el perfil de Treetech y nuestro compromiso con usted.<br \/>\nEstamos siempre buscando nuevos talentos para dejar nuestro equipo a\u00fan m\u00e1s fuerte.<\/p>\n<p><strong>\u00bfQuiere hacer parte de nuestro equipo?<\/strong><\/p>\n<p>Acceda a nuestra p\u00e1gina en el <a href=\"https:\/\/www.linkedin.com\/company\/treetech-sistemas-digitais\" target=\"_blank\" rel=\"noopener\">Linkedin<\/a> o env\u00ede su curr\u00edculo por e-mail: <a href=\"mailto:vagas@treetech.com.br\" target=\"_blank\" rel=\"noopener\">vagas@treetech.com.br<\/a>[\/vc_column_text][\/vc_column][\/vc_row]\n<\/div>","protected":false},"excerpt":{"rendered":"<p>[vc_row css=\u00bb.vc_custom_1768432907414{padding-bottom: 44px !important;}\u00bb][vc_column][vc_column_text css=\u00bb\u00bb] Conocimiento e innovaci\u00f3n Estas palabras definen el perfil de Treetech y nuestro compromiso con usted. Estamos siempre buscando nuevos talentos para dejar nuestro equipo a\u00fan m\u00e1s fuerte. \u00bfQuiere hacer parte de nuestro equipo? Acceda a nuestra p\u00e1gina en el Linkedin o env\u00ede su curr\u00edculo por e-mail: vagas@treetech.com.br[\/vc_column_text][\/vc_column][\/vc_row]<\/p>\n","protected":false},"author":1,"featured_media":0,"parent":5391,"menu_order":1,"comment_status":"closed","ping_status":"closed","template":"","meta":{"_acf_changed":false,"footnotes":""},"class_list":["post-9906","page","type-page","status-publish","hentry","entry","no-media"],"acf":[],"aioseo_notices":[],"_links":{"self":[{"href":"https:\/\/treetech.com.br\/es\/wp-json\/wp\/v2\/pages\/9906","targetHints":{"allow":["GET"]}}],"collection":[{"href":"https:\/\/treetech.com.br\/es\/wp-json\/wp\/v2\/pages"}],"about":[{"href":"https:\/\/treetech.com.br\/es\/wp-json\/wp\/v2\/types\/page"}],"author":[{"embeddable":true,"href":"https:\/\/treetech.com.br\/es\/wp-json\/wp\/v2\/users\/1"}],"replies":[{"embeddable":true,"href":"https:\/\/treetech.com.br\/es\/wp-json\/wp\/v2\/comments?post=9906"}],"version-history":[{"count":5,"href":"https:\/\/treetech.com.br\/es\/wp-json\/wp\/v2\/pages\/9906\/revisions"}],"predecessor-version":[{"id":15485,"href":"https:\/\/treetech.com.br\/es\/wp-json\/wp\/v2\/pages\/9906\/revisions\/15485"}],"up":[{"embeddable":true,"href":"https:\/\/treetech.com.br\/es\/wp-json\/wp\/v2\/pages\/5391"}],"wp:attachment":[{"href":"https:\/\/treetech.com.br\/es\/wp-json\/wp\/v2\/media?parent=9906"}],"curies":[{"name":"wp","href":"https:\/\/api.w.org\/{rel}","templated":true}]}}